{"id":5987,"date":"2020-07-19T21:20:43","date_gmt":"2020-07-19T21:20:43","guid":{"rendered":"https:\/\/midesigns.studio\/?post_type=product&#038;p=5987"},"modified":"2023-03-02T00:03:45","modified_gmt":"2023-03-02T00:03:45","slug":"web-hosting","status":"publish","type":"product","link":"https:\/\/midesigns.studio\/nb\/get\/web-hosting\/","title":{"rendered":"Webhotell"},"content":{"rendered":"<p>Alle planer inkluderer standardfunksjoner:<br \/>\n\u2013 SSD-diskplass<br \/>\n\u2013 UBEGRENSET e-postkontoer<br \/>\n\u2013 Prisvinnende 24\/7 support via e-post, telefon, Facebook og WhatsApp<br \/>\n\u2013 Gratis SSL-sertifikater (via LetsEncrypt)<br \/>\n\u2013 cPanel inkludert: Bransjeledende, vertskontrollpanel<br \/>\n\u2013 Ett-klikks installat\u00f8rer: Softaculous &amp; Installatron<br \/>\n\u2013 Nettstedbygger (s\u00e5 mange sider\/nettsteder du vil)<br \/>\n\u2013 Apache Web Server \u2013 Lynraske nettsteder med integrert caching for WordPress, Drupal, Joomla og mer.<br \/>\n\u2013 2 tbps DDoS-beskyttelse<br \/>\n\u2013 99.99% Oppetidsgaranti<\/p>","protected":false},"excerpt":{"rendered":"<p>Opplev en ny standard innen webhotell n\u00e5r du velger MI Designs. V\u00e5re tilbud er optimalisert for hastighet, sikkerhet og funksjonalitet, noe som gj\u00f8r dem til det ideelle valget for bedrifter som \u00f8nsker \u00e5 etablere en sterk online tilstedev\u00e6relse.<\/p>\n<ul>\n<li><strong>Hastighet<\/strong>: Skyserverne v\u00e5re er fullt optimalisert for h\u00f8y ytelse, og bruker Apache-nettserver og hurtigbufferteknologier for \u00e5 levere eksepsjonelle hastigheter for kundens nettsteder.<\/li>\n<li><strong>Brukerst\u00f8tte<\/strong>: Vi forst\u00e5r at st\u00f8tte er en kritisk faktor n\u00e5r det kommer til hosting, og det er derfor vi tilbyr prisvinnende 24\/7 support for \u00e5 hjelpe deg n\u00e5r du trenger det. V\u00e5re dyktige vertsspesialister er alltid tilgjengelig for \u00e5 hjelpe deg.<\/li>\n<li><strong>Fleksibilitet<\/strong>: V\u00e5re webhotelll\u00f8sninger kommer uten faste kontrakter, s\u00e5 du kan oppgradere, nedgradere eller kansellere n\u00e5r som helst via din personlige konto eller support.<\/li>\n<li><strong>Sikkerhet<\/strong>: Vi sparer ingen kostnader med \u00e5 sikre sikkerheten til v\u00e5re kunders nettsteder, kj\u00f8re vanlige virus- og skadevareskanninger og holde serverne v\u00e5re oppdatert og oppdatert.<\/li>\n<li><strong>B\u00e6rekraft<\/strong>: Datasenteret v\u00e5rt er drevet av 100% fornybar, ren energi, noe som gj\u00f8r oss til en av de f\u00f8rste virkelig gr\u00f8nne vertsleverand\u00f8rene.<\/li>\n<\/ul>\n<p>S\u00e5 hvis du leter etter en webhotelll\u00f8sning som tilbyr hastighet, st\u00f8tte, fleksibilitet, sikkerhet og b\u00e6rekraft, trenger du ikke lete lenger enn MI Designs. Ta kontakt med oss i dag for \u00e5 l\u00e6re mer om hvordan vi kan hjelpe deg<\/p>","protected":false},"featured_media":6349,"template":"","meta":{"_acf_changed":false},"product_brand":[],"product_cat":[15],"product_tag":[],"class_list":{"0":"post-5987","1":"product","2":"type-product","3":"status-publish","4":"has-post-thumbnail","6":"product_cat-subscriptions","8":"first","9":"instock","10":"sold-individually","11":"shipping-taxable","12":"purchasable","13":"product-type-variable-subscription","14":"has-default-attributes"},"acf":[],"yoast_head":"<!-- This site is optimized with the Yoast SEO Premium plugin v20.1 (Yoast SEO v27.3) - https:\/\/yoast.com\/product\/yoast-seo-premium-wordpress\/ -->\n<title>MI Designs | We Build Brands | Web Hosting<\/title>\n<meta name=\"description\" content=\"Award-winning Costa Blanca, Spain website design agency specialising in branding, SEO and eCommerce website development.\" \/>\n<meta name=\"robots\" content=\"noindex, follow\" \/>\n<meta property=\"og:locale\" content=\"nb_NO\" \/>\n<meta property=\"og:type\" content=\"article\" \/>\n<meta property=\"og:title\" content=\"Web Hosting\" \/>\n<meta property=\"og:description\" content=\"Award-winning Costa Blanca, Spain website design agency specialising in branding, SEO and eCommerce website development.\" \/>\n<meta property=\"og:url\" content=\"https:\/\/midesigns.studio\/nb\/get\/web-hosting\/\" \/>\n<meta property=\"og:site_name\" content=\"MI Designs\" \/>\n<meta property=\"article:publisher\" content=\"https:\/\/www.facebook.com\/MIDesigns.Studio\/\" \/>\n<meta property=\"article:modified_time\" content=\"2023-03-02T00:03:45+00:00\" \/>\n<meta property=\"og:image\" content=\"https:\/\/midesigns.studio\/wp-content\/uploads\/2020\/07\/Starter-01.jpg\" \/>\n\t<meta property=\"og:image:width\" content=\"2250\" \/>\n\t<meta property=\"og:image:height\" content=\"1584\" \/>\n\t<meta property=\"og:image:type\" content=\"image\/jpeg\" \/>\n<meta name=\"twitter:card\" content=\"summary_large_image\" \/>\n<meta name=\"twitter:site\" content=\"@midesigns_\" \/>\n<!-- \/ Yoast SEO Premium plugin. -->","yoast_head_json":{"title":"MI Designs | Vi bygger merkevarer | Webhotell","description":"Prisbel\u00f8nt Costa Blanca, Spanias nettstedsdesignbyr\u00e5 som spesialiserer seg p\u00e5 merkevarebygging, SEO og utvikling av nettsteder for e-handel.","robots":{"index":"noindex","follow":"follow"},"og_locale":"nb_NO","og_type":"article","og_title":"Web Hosting","og_description":"Award-winning Costa Blanca, Spain website design agency specialising in branding, SEO and eCommerce website development.","og_url":"https:\/\/midesigns.studio\/nb\/get\/web-hosting\/","og_site_name":"MI Designs","article_publisher":"https:\/\/www.facebook.com\/MIDesigns.Studio\/","article_modified_time":"2023-03-02T00:03:45+00:00","og_image":[{"width":2250,"height":1584,"url":"https:\/\/midesigns.studio\/wp-content\/uploads\/2020\/07\/Starter-01.jpg","type":"image\/jpeg"}],"twitter_card":"summary_large_image","twitter_site":"@midesigns_","schema":{"@context":"https:\/\/schema.org","@graph":[{"@type":"WebPage","@id":"https:\/\/midesigns.studio\/get\/web-hosting\/","url":"https:\/\/midesigns.studio\/get\/web-hosting\/","name":"MI Designs | Vi bygger merkevarer | Webhotell","isPartOf":{"@id":"https:\/\/midesigns.studio\/#website"},"primaryImageOfPage":{"@id":"https:\/\/midesigns.studio\/get\/web-hosting\/#primaryimage"},"image":{"@id":"https:\/\/midesigns.studio\/get\/web-hosting\/#primaryimage"},"thumbnailUrl":"https:\/\/midesigns.studio\/wp-content\/uploads\/2020\/07\/Starter-01.jpg","datePublished":"2020-07-19T21:20:43+00:00","dateModified":"2023-03-02T00:03:45+00:00","description":"Prisbel\u00f8nt Costa Blanca, Spanias nettstedsdesignbyr\u00e5 som spesialiserer seg p\u00e5 merkevarebygging, SEO og utvikling av nettsteder for e-handel.","breadcrumb":{"@id":"https:\/\/midesigns.studio\/get\/web-hosting\/#breadcrumb"},"inLanguage":"nb-NO","potentialAction":[{"@type":"ReadAction","target":["https:\/\/midesigns.studio\/get\/web-hosting\/"]}]},{"@type":"ImageObject","inLanguage":"nb-NO","@id":"https:\/\/midesigns.studio\/get\/web-hosting\/#primaryimage","url":"https:\/\/midesigns.studio\/wp-content\/uploads\/2020\/07\/Starter-01.jpg","contentUrl":"https:\/\/midesigns.studio\/wp-content\/uploads\/2020\/07\/Starter-01.jpg","width":2250,"height":1584},{"@type":"BreadcrumbList","@id":"https:\/\/midesigns.studio\/get\/web-hosting\/#breadcrumb","itemListElement":[{"@type":"ListItem","position":1,"name":"Home","item":"https:\/\/midesigns.studio\/"},{"@type":"ListItem","position":2,"name":"Shop","item":"https:\/\/midesigns.studio\/shop\/"},{"@type":"ListItem","position":3,"name":"Web Hosting"}]},{"@type":"WebSite","@id":"https:\/\/midesigns.studio\/#website","url":"https:\/\/midesigns.studio\/","name":"MI-design","description":"\u00c5 heve merkevarer gjennom effektfull design og digital strategi i Costa Blanca, Spania","publisher":{"@id":"https:\/\/midesigns.studio\/#organization"},"potentialAction":[{"@type":"SearchAction","target":{"@type":"EntryPoint","urlTemplate":"https:\/\/midesigns.studio\/?s={search_term_string}"},"query-input":{"@type":"PropertyValueSpecification","valueRequired":true,"valueName":"search_term_string"}}],"inLanguage":"nb-NO"},{"@type":"Organization","@id":"https:\/\/midesigns.studio\/#organization","name":"MI-design","url":"https:\/\/midesigns.studio\/","logo":{"@type":"ImageObject","inLanguage":"nb-NO","@id":"https:\/\/midesigns.studio\/#\/schema\/logo\/image\/","url":"https:\/\/midesigns.studio\/wp-content\/uploads\/2020\/07\/MILogo.jpg","contentUrl":"https:\/\/midesigns.studio\/wp-content\/uploads\/2020\/07\/MILogo.jpg","width":200,"height":200,"caption":"MI Designs"},"image":{"@id":"https:\/\/midesigns.studio\/#\/schema\/logo\/image\/"},"sameAs":["https:\/\/www.facebook.com\/MIDesigns.Studio\/","https:\/\/x.com\/midesigns_","https:\/\/www.instagram.com\/midesigns.studio\/","https:\/\/www.linkedin.com\/company\/midesigns\/","http:\/\/www.pinterest.com\/midesigns_studio\/"]}]}},"_links":{"self":[{"href":"https:\/\/midesigns.studio\/nb\/wp-json\/wp\/v2\/product\/5987","targetHints":{"allow":["GET"]}}],"collection":[{"href":"https:\/\/midesigns.studio\/nb\/wp-json\/wp\/v2\/product"}],"about":[{"href":"https:\/\/midesigns.studio\/nb\/wp-json\/wp\/v2\/types\/product"}],"wp:featuredmedia":[{"embeddable":true,"href":"https:\/\/midesigns.studio\/nb\/wp-json\/wp\/v2\/media\/6349"}],"wp:attachment":[{"href":"https:\/\/midesigns.studio\/nb\/wp-json\/wp\/v2\/media?parent=5987"}],"wp:term":[{"taxonomy":"product_brand","embeddable":true,"href":"https:\/\/midesigns.studio\/nb\/wp-json\/wp\/v2\/product_brand?post=5987"},{"taxonomy":"product_cat","embeddable":true,"href":"https:\/\/midesigns.studio\/nb\/wp-json\/wp\/v2\/product_cat?post=5987"},{"taxonomy":"product_tag","embeddable":true,"href":"https:\/\/midesigns.studio\/nb\/wp-json\/wp\/v2\/product_tag?post=5987"}],"curies":[{"name":"wp","href":"https:\/\/api.w.org\/{rel}","templated":true}]}}