{"id":5716,"date":"2020-06-16T22:20:43","date_gmt":"2020-06-16T22:20:43","guid":{"rendered":"https:\/\/midesigns.studio\/cart\/"},"modified":"2020-06-16T22:20:43","modified_gmt":"2020-06-16T22:20:43","slug":"cart","status":"publish","type":"page","link":"https:\/\/midesigns.studio\/nb\/vogn\/","title":{"rendered":"Handlevogn"},"content":{"rendered":"","protected":false},"excerpt":{"rendered":"","protected":false},"author":1,"featured_media":0,"parent":0,"menu_order":0,"comment_status":"closed","ping_status":"closed","template":"","meta":{"_acf_changed":false,"footnotes":""},"class_list":["post-5716","page","type-page","status-publish","hentry"],"acf":[],"yoast_head":"<!-- This site is optimized with the Yoast SEO Premium plugin v20.1 (Yoast SEO v27.5) - https:\/\/yoast.com\/product\/yoast-seo-premium-wordpress\/ -->\n<title>MI Designs | We Build Brands | Cart<\/title>\n<meta name=\"description\" content=\"Unleashing Creativity and Driving Business Success: A Costa Blanca, Spain Based Website Design Agency Specializing in Branding, Search Engine Optimization, and E-Commerce Website Development Solutions.\" \/>\n<meta name=\"robots\" content=\"index, follow, max-snippet:-1, max-image-preview:large, max-video-preview:-1\" \/>\n<link rel=\"canonical\" href=\"https:\/\/midesigns.studio\/nb\/carro\/\" \/>\n<meta property=\"og:locale\" content=\"nb_NO\" \/>\n<meta property=\"og:type\" content=\"article\" \/>\n<meta property=\"og:title\" content=\"Cart\" \/>\n<meta property=\"og:description\" content=\"Unleashing Creativity and Driving Business Success: A Costa Blanca, Spain Based Website Design Agency Specializing in Branding, Search Engine Optimization, and E-Commerce Website Development Solutions.\" \/>\n<meta property=\"og:url\" content=\"https:\/\/midesigns.studio\/nb\/carro\/\" \/>\n<meta property=\"og:site_name\" content=\"MI Designs\" \/>\n<meta property=\"article:publisher\" content=\"https:\/\/www.facebook.com\/MIDesigns.Studio\/\" \/>\n<meta name=\"twitter:card\" content=\"summary_large_image\" \/>\n<meta name=\"twitter:site\" content=\"@midesigns_\" \/>\n<!-- \/ Yoast SEO Premium plugin. -->","yoast_head_json":{"title":"MI Designs | Vi bygger merkevarer | Handlevogn","description":"Slipp l\u00f8s kreativitet og fremme forretningssuksess: Et nettstedsdesignbyr\u00e5 basert p\u00e5 Costa Blanca, Spania som spesialiserer seg p\u00e5 merkevarebygging, s\u00f8kemotoroptimalisering og e-handelsl\u00f8sninger for utvikling av nettsteder.","robots":{"index":"index","follow":"follow","max-snippet":"max-snippet:-1","max-image-preview":"max-image-preview:large","max-video-preview":"max-video-preview:-1"},"canonical":"https:\/\/midesigns.studio\/nb\/carro\/","og_locale":"nb_NO","og_type":"article","og_title":"Cart","og_description":"Unleashing Creativity and Driving Business Success: A Costa Blanca, Spain Based Website Design Agency Specializing in Branding, Search Engine Optimization, and E-Commerce Website Development Solutions.","og_url":"https:\/\/midesigns.studio\/nb\/carro\/","og_site_name":"MI Designs","article_publisher":"https:\/\/www.facebook.com\/MIDesigns.Studio\/","twitter_card":"summary_large_image","twitter_site":"@midesigns_","schema":{"@context":"https:\/\/schema.org","@graph":[{"@type":"WebPage","@id":"https:\/\/midesigns.studio\/es\/carro\/","url":"https:\/\/midesigns.studio\/es\/carro\/","name":"MI Designs | Vi bygger merkevarer | Handlevogn","isPartOf":{"@id":"https:\/\/midesigns.studio\/#website"},"datePublished":"2020-06-16T22:20:43+00:00","description":"Slipp l\u00f8s kreativitet og fremme forretningssuksess: Et nettstedsdesignbyr\u00e5 basert p\u00e5 Costa Blanca, Spania som spesialiserer seg p\u00e5 merkevarebygging, s\u00f8kemotoroptimalisering og e-handelsl\u00f8sninger for utvikling av nettsteder.","breadcrumb":{"@id":"https:\/\/midesigns.studio\/es\/carro\/#breadcrumb"},"inLanguage":"nb-NO","potentialAction":[{"@type":"ReadAction","target":["https:\/\/midesigns.studio\/es\/carro\/"]}]},{"@type":"BreadcrumbList","@id":"https:\/\/midesigns.studio\/es\/carro\/#breadcrumb","itemListElement":[{"@type":"ListItem","position":1,"name":"Home","item":"https:\/\/midesigns.studio\/"},{"@type":"ListItem","position":2,"name":"Cart"}]},{"@type":"WebSite","@id":"https:\/\/midesigns.studio\/#website","url":"https:\/\/midesigns.studio\/","name":"MI-design","description":"\u00c5 heve merkevarer gjennom effektfull design og digital strategi i Costa Blanca, Spania","publisher":{"@id":"https:\/\/midesigns.studio\/#organization"},"potentialAction":[{"@type":"SearchAction","target":{"@type":"EntryPoint","urlTemplate":"https:\/\/midesigns.studio\/?s={search_term_string}"},"query-input":{"@type":"PropertyValueSpecification","valueRequired":true,"valueName":"search_term_string"}}],"inLanguage":"nb-NO"},{"@type":"Organization","@id":"https:\/\/midesigns.studio\/#organization","name":"MI-design","url":"https:\/\/midesigns.studio\/","logo":{"@type":"ImageObject","inLanguage":"nb-NO","@id":"https:\/\/midesigns.studio\/#\/schema\/logo\/image\/","url":"https:\/\/midesigns.studio\/wp-content\/uploads\/2020\/07\/MILogo.jpg","contentUrl":"https:\/\/midesigns.studio\/wp-content\/uploads\/2020\/07\/MILogo.jpg","width":200,"height":200,"caption":"MI Designs"},"image":{"@id":"https:\/\/midesigns.studio\/#\/schema\/logo\/image\/"},"sameAs":["https:\/\/www.facebook.com\/MIDesigns.Studio\/","https:\/\/x.com\/midesigns_","https:\/\/www.instagram.com\/midesigns.studio\/","https:\/\/www.linkedin.com\/company\/midesigns\/","http:\/\/www.pinterest.com\/midesigns_studio\/"]}]}},"_links":{"self":[{"href":"https:\/\/midesigns.studio\/nb\/wp-json\/wp\/v2\/pages\/5716","targetHints":{"allow":["GET"]}}],"collection":[{"href":"https:\/\/midesigns.studio\/nb\/wp-json\/wp\/v2\/pages"}],"about":[{"href":"https:\/\/midesigns.studio\/nb\/wp-json\/wp\/v2\/types\/page"}],"author":[{"embeddable":true,"href":"https:\/\/midesigns.studio\/nb\/wp-json\/wp\/v2\/users\/1"}],"replies":[{"embeddable":true,"href":"https:\/\/midesigns.studio\/nb\/wp-json\/wp\/v2\/comments?post=5716"}],"version-history":[{"count":0,"href":"https:\/\/midesigns.studio\/nb\/wp-json\/wp\/v2\/pages\/5716\/revisions"}],"wp:attachment":[{"href":"https:\/\/midesigns.studio\/nb\/wp-json\/wp\/v2\/media?parent=5716"}],"curies":[{"name":"wp","href":"https:\/\/api.w.org\/{rel}","templated":true}]}}