{"id":2643,"date":"2020-04-16T11:05:31","date_gmt":"2020-04-16T11:05:31","guid":{"rendered":"https:\/\/promo-theme.com\/ottro\/?page_id=2643"},"modified":"2020-09-17T17:55:16","modified_gmt":"2020-09-17T17:55:16","slug":"contact","status":"publish","type":"page","link":"https:\/\/midesigns.studio\/nb\/kontakt\/","title":{"rendered":"Kontakt"},"content":{"rendered":"<div class=\"wpb-content-wrapper\"><div data-vc-full-width=\"true\" data-vc-full-width-init=\"false\" class=\"vc_row wpb_row vc_row-fluid vc_row-5e9853368b538\"><div class=\"bg-overlay\">\t\t\t\t\t\t\t\t\t\t\t<div class=\"dots\" style=\"background-image: url(https:\/\/midesigns.studio\/wp-content\/plugins\/pt-ottro-addons\/assets\/imgs\/dots.php?fill=000)\"><\/div>\n\t\t\t\t\t<\/div>\t\t\n\t\t<div class=\"wpb_column vc_column_container vc_col-sm-12 vc_column_container-69d7e3d4287e2\"><div class=\"vc_column-inner\"><div class=\"wpb_wrapper\">      <div class=\"heading-block heading-5e9846f92b751 tal h-h2\">\n                  <div class=\"sub-h\">raskt svar<\/div>\n                  <h2 class=\"h\">Kontakt oss<\/h2>\n              <\/div>\n          <div class=\"social-links social-links-5e984c9978a80\">\n        <div class=\"label\">F\u00f8lg oss:<\/div>\n        <a href=\"https:\/\/www.facebook.com\/MIDesigns.Studio\/\" target=\"_self\"><i class=\"base-icon-facebook\"><\/i><\/a><a href=\"https:\/\/instagram.com\/midesigns.studio\" target=\"_self\"><i class=\"base-icon-instagram\"><\/i><\/a><a href=\"https:\/\/twitter.com\/MIDesigns_\" target=\"_self\"><i class=\"fab fa-twitter\"><\/i><\/a><a href=\"https:\/\/www.pinterest.es\/midesigns_studio\/\" target=\"_self\"><i class=\"fab fa-pinterest\"><\/i><\/a><a href=\"https:\/\/wa.me\/00447588037771\" target=\"_self\"><i class=\"fab fa-whatsapp\"><\/i><\/a>      <\/div>\n    <div class=\"vc_row wpb_row vc_inner vc_row-fluid vc_row_inner-5e9853bb68e75\"><div class=\"wpb_column vc_column_container vc_col-sm-6 vc_col-lg-5\"><div class=\"vc_column-inner\"><div class=\"wpb_wrapper\">      <div class=\"heading-block heading-5e9847bb4445f tal h-h5\">\n                  <div class=\"sub-h\">KONTAKT OSS<\/div>\n                  <h5 class=\"h\">Ikke n\u00f8l med \u00e5 ta kontakt<br \/>\noss hvis du trenger mer hjelp.<\/h5>\n              <\/div>\n    \n\t<div class=\"wpb_raw_code wpb_raw_html wpb_content_element\" >\n\t\t<div class=\"wpb_wrapper\">\n\t\t\t<div class=\"contact-item\">\n  <div class=\"label\">Telefonnummer<\/div>\n  <div class=\"value\">+44 7588 037771<\/div>\n<\/div>\n<div class=\"contact-item\">\n  <div class=\"label\">E-post<\/div>\n  <div class=\"value\">info@midesigns.studio<\/div>\n<\/div>\n\t\t<\/div>\n\t<\/div>\n<\/div><\/div><\/div><div class=\"wpb_column vc_column_container vc_col-sm-6 vc_col-lg-offset-1\"><div class=\"vc_column-inner\"><div class=\"wpb_wrapper\">\n\t<div class=\"wpb_text_column wpb_content_element  wpb_text_column-5e984823058fc\" >\n\t\t<div class=\"wpb_wrapper\">\n\t\t\t<p style=\"color: #b2b2b2; font-size: 14px; text-transform: uppercase;\">Skriv til oss<\/p>\n\n<div class=\"wpcf7 no-js\" id=\"wpcf7-f2678-o1\" lang=\"en-US\" dir=\"ltr\" data-wpcf7-id=\"2678\">\n<div class=\"screen-reader-response\"><p role=\"status\" aria-live=\"polite\" aria-atomic=\"true\"><\/p> <ul><\/ul><\/div>\n<form action=\"\/nb\/wp-json\/wp\/v2\/pages\/2643#wpcf7-f2678-o1\" method=\"post\" class=\"wpcf7-form init\" aria-label=\"Kontakt skjema\" novalidate=\"novalidate\" data-status=\"init\" data-trp-original-action=\"\/nb\/wp-json\/wp\/v2\/pages\/2643#wpcf7-f2678-o1\">\n<fieldset class=\"hidden-fields-container\"><input type=\"hidden\" name=\"_wpcf7\" value=\"2678\" \/><input type=\"hidden\" name=\"_wpcf7_version\" value=\"6.1.5\" \/><input type=\"hidden\" name=\"_wpcf7_locale\" value=\"en_US\" \/><input type=\"hidden\" name=\"_wpcf7_unit_tag\" value=\"wpcf7-f2678-o1\" \/><input type=\"hidden\" name=\"_wpcf7_container_post\" value=\"0\" \/><input type=\"hidden\" name=\"_wpcf7_posted_data_hash\" value=\"\" \/><input type=\"hidden\" name=\"_wpcf7_recaptcha_response\" value=\"\" \/>\n<\/fieldset>\n<div class=\"contact-form-style4 row\">\n\t<div class=\"col-12\">\n\t<div class=\"input-row\">\n\t\t\t\t<span class=\"wpcf7-form-control-wrap\" data-name=\"f-name\"><input size=\"40\" maxlength=\"400\" class=\"wpcf7-form-control wpcf7-text wpcf7-validates-as-required style3\" aria-required=\"true\" aria-invalid=\"false\" placeholder=\"Navnet ditt *\" value=\"\" type=\"text\" name=\"f-name\" \/><\/span>\n\t\t\t<\/div>\n\t<\/div>\n\t<div class=\"col-12\">\n\t<div class=\"input-row\">\n\t\t\t\t<span class=\"wpcf7-form-control-wrap\" data-name=\"f-email\"><input size=\"40\" maxlength=\"400\" class=\"wpcf7-form-control wpcf7-text wpcf7-validates-as-required style3\" aria-required=\"true\" aria-invalid=\"false\" placeholder=\"Din epost *\" value=\"\" type=\"text\" name=\"f-email\" \/><\/span>\n\t\t\t<\/div>\n\t<\/div>\n\t<div class=\"col-12\">\n\t<div class=\"input-row\">\n\t\t\t\t<span class=\"wpcf7-form-control-wrap\" data-name=\"f-message\"><textarea cols=\"40\" rows=\"6\" maxlength=\"2000\" class=\"wpcf7-form-control wpcf7-textarea wpcf7-validates-as-required style3\" aria-required=\"true\" aria-invalid=\"false\" placeholder=\"Din beskjed *\" name=\"f-message\"><\/textarea><\/span>\n\t\t\t<\/div>\n\t<button class=\"button-style1 small\" type=\"submit\">\n\t<span>Sende melding<\/span>\n\t<\/button>\n\t<\/div>\n\t<\/div><div class=\"wpcf7-response-output\" aria-hidden=\"true\"><\/div>\n<input type=\"hidden\" name=\"trp-form-language\" value=\"nb\"\/><\/form>\n<\/div>\n\n\n\t\t<\/div>\n\t<\/div>\n<\/div><\/div><\/div><\/div><\/div><\/div><\/div><\/div><div class=\"vc_row-full-width vc_clearfix\"><\/div>\t\t\n\t\t<div data-vc-full-width=\"true\" data-vc-full-width-init=\"false\" data-vc-stretch-content=\"true\" class=\"vc_row wpb_row vc_row-fluid vc_row-5e9847957836e vc_row-no-padding\">\t\t\n\t\t<div class=\"wpb_column vc_column_container vc_col-sm-12 vc_column_container-69d7e3d42dc18\"><div class=\"vc_column-inner\"><div class=\"wpb_wrapper\">    <div class=\"map-block map-5e984783c78b6\" style=\"height: 480px;width: 100%;\">\n      <div class=\"map\" id=\"map-5e984783c78b6\">\n              <\/div>\n    <\/div>\n    <\/div><\/div><\/div><\/div><div class=\"vc_row-full-width vc_clearfix\"><\/div>\n<\/div>","protected":false},"excerpt":{"rendered":"raskt svar Kontakt oss F\u00f8lg oss: KONTAKT OSS Ikke n\u00f8l med \u00e5 kontakte oss hvis du trenger mer hjelp. Telefonnummer +44 7588 037771 E-post info@midesigns.studio Skriv til oss Send melding","protected":false},"author":1,"featured_media":0,"parent":0,"menu_order":0,"comment_status":"closed","ping_status":"closed","template":"template-landing.php","meta":{"_acf_changed":false,"footnotes":""},"class_list":["post-2643","page","type-page","status-publish","hentry"],"acf":[],"yoast_head":"<!-- This site is optimized with the Yoast SEO Premium plugin v20.1 (Yoast SEO v27.3) - https:\/\/yoast.com\/product\/yoast-seo-premium-wordpress\/ -->\n<title>MI Designs | We Build Brands | Contact<\/title>\n<meta name=\"description\" content=\"Unleashing Creativity and Driving Business Success: A Costa Blanca, Spain Based Website Design Agency Specializing in Branding, Search Engine Optimization, and E-Commerce Website Development Solutions.\" \/>\n<meta name=\"robots\" content=\"index, follow, max-snippet:-1, max-image-preview:large, max-video-preview:-1\" \/>\n<link rel=\"canonical\" href=\"https:\/\/midesigns.studio\/nb\/kontakt\/\" \/>\n<meta property=\"og:locale\" content=\"nb_NO\" \/>\n<meta property=\"og:type\" content=\"article\" \/>\n<meta property=\"og:title\" content=\"Contact\" \/>\n<meta property=\"og:description\" content=\"Unleashing Creativity and Driving Business Success: A Costa Blanca, Spain Based Website Design Agency Specializing in Branding, Search Engine Optimization, and E-Commerce Website Development Solutions.\" \/>\n<meta property=\"og:url\" content=\"https:\/\/midesigns.studio\/nb\/kontakt\/\" \/>\n<meta property=\"og:site_name\" content=\"MI Designs\" \/>\n<meta property=\"article:publisher\" content=\"https:\/\/www.facebook.com\/MIDesigns.Studio\/\" \/>\n<meta property=\"article:modified_time\" content=\"2020-09-17T17:55:16+00:00\" \/>\n<meta name=\"twitter:card\" content=\"summary_large_image\" \/>\n<meta name=\"twitter:site\" content=\"@midesigns_\" \/>\n<meta name=\"twitter:label1\" content=\"Ansl. lesetid\" \/>\n\t<meta name=\"twitter:data1\" content=\"2 minutter\" \/>\n<!-- \/ Yoast SEO Premium plugin. -->","yoast_head_json":{"title":"MI Designs | Vi bygger merkevarer | Kontakt","description":"Slipp l\u00f8s kreativitet og fremme forretningssuksess: Et nettstedsdesignbyr\u00e5 basert p\u00e5 Costa Blanca, Spania som spesialiserer seg p\u00e5 merkevarebygging, s\u00f8kemotoroptimalisering og e-handelsl\u00f8sninger for utvikling av nettsteder.","robots":{"index":"index","follow":"follow","max-snippet":"max-snippet:-1","max-image-preview":"max-image-preview:large","max-video-preview":"max-video-preview:-1"},"canonical":"https:\/\/midesigns.studio\/nb\/kontakt\/","og_locale":"nb_NO","og_type":"article","og_title":"Contact","og_description":"Unleashing Creativity and Driving Business Success: A Costa Blanca, Spain Based Website Design Agency Specializing in Branding, Search Engine Optimization, and E-Commerce Website Development Solutions.","og_url":"https:\/\/midesigns.studio\/nb\/kontakt\/","og_site_name":"MI Designs","article_publisher":"https:\/\/www.facebook.com\/MIDesigns.Studio\/","article_modified_time":"2020-09-17T17:55:16+00:00","twitter_card":"summary_large_image","twitter_site":"@midesigns_","twitter_misc":{"Ansl. lesetid":"2 minutter"},"schema":{"@context":"https:\/\/schema.org","@graph":[{"@type":"WebPage","@id":"https:\/\/midesigns.studio\/contact\/","url":"https:\/\/midesigns.studio\/contact\/","name":"MI Designs | Vi bygger merkevarer | Kontakt","isPartOf":{"@id":"https:\/\/midesigns.studio\/#website"},"datePublished":"2020-04-16T11:05:31+00:00","dateModified":"2020-09-17T17:55:16+00:00","description":"Slipp l\u00f8s kreativitet og fremme forretningssuksess: Et nettstedsdesignbyr\u00e5 basert p\u00e5 Costa Blanca, Spania som spesialiserer seg p\u00e5 merkevarebygging, s\u00f8kemotoroptimalisering og e-handelsl\u00f8sninger for utvikling av nettsteder.","breadcrumb":{"@id":"https:\/\/midesigns.studio\/contact\/#breadcrumb"},"inLanguage":"nb-NO","potentialAction":[{"@type":"ReadAction","target":["https:\/\/midesigns.studio\/contact\/"]}]},{"@type":"BreadcrumbList","@id":"https:\/\/midesigns.studio\/contact\/#breadcrumb","itemListElement":[{"@type":"ListItem","position":1,"name":"Home","item":"https:\/\/midesigns.studio\/"},{"@type":"ListItem","position":2,"name":"Contact"}]},{"@type":"WebSite","@id":"https:\/\/midesigns.studio\/#website","url":"https:\/\/midesigns.studio\/","name":"MI-design","description":"\u00c5 heve merkevarer gjennom effektfull design og digital strategi i Costa Blanca, Spania","publisher":{"@id":"https:\/\/midesigns.studio\/#organization"},"potentialAction":[{"@type":"SearchAction","target":{"@type":"EntryPoint","urlTemplate":"https:\/\/midesigns.studio\/?s={search_term_string}"},"query-input":{"@type":"PropertyValueSpecification","valueRequired":true,"valueName":"search_term_string"}}],"inLanguage":"nb-NO"},{"@type":"Organization","@id":"https:\/\/midesigns.studio\/#organization","name":"MI-design","url":"https:\/\/midesigns.studio\/","logo":{"@type":"ImageObject","inLanguage":"nb-NO","@id":"https:\/\/midesigns.studio\/#\/schema\/logo\/image\/","url":"https:\/\/midesigns.studio\/wp-content\/uploads\/2020\/07\/MILogo.jpg","contentUrl":"https:\/\/midesigns.studio\/wp-content\/uploads\/2020\/07\/MILogo.jpg","width":200,"height":200,"caption":"MI Designs"},"image":{"@id":"https:\/\/midesigns.studio\/#\/schema\/logo\/image\/"},"sameAs":["https:\/\/www.facebook.com\/MIDesigns.Studio\/","https:\/\/x.com\/midesigns_","https:\/\/www.instagram.com\/midesigns.studio\/","https:\/\/www.linkedin.com\/company\/midesigns\/","http:\/\/www.pinterest.com\/midesigns_studio\/"]}]}},"_links":{"self":[{"href":"https:\/\/midesigns.studio\/nb\/wp-json\/wp\/v2\/pages\/2643","targetHints":{"allow":["GET"]}}],"collection":[{"href":"https:\/\/midesigns.studio\/nb\/wp-json\/wp\/v2\/pages"}],"about":[{"href":"https:\/\/midesigns.studio\/nb\/wp-json\/wp\/v2\/types\/page"}],"author":[{"embeddable":true,"href":"https:\/\/midesigns.studio\/nb\/wp-json\/wp\/v2\/users\/1"}],"replies":[{"embeddable":true,"href":"https:\/\/midesigns.studio\/nb\/wp-json\/wp\/v2\/comments?post=2643"}],"version-history":[{"count":0,"href":"https:\/\/midesigns.studio\/nb\/wp-json\/wp\/v2\/pages\/2643\/revisions"}],"wp:attachment":[{"href":"https:\/\/midesigns.studio\/nb\/wp-json\/wp\/v2\/media?parent=2643"}],"curies":[{"name":"wp","href":"https:\/\/api.w.org\/{rel}","templated":true}]}}