{"id":5987,"date":"2020-07-19T21:20:43","date_gmt":"2020-07-19T21:20:43","guid":{"rendered":"https:\/\/midesigns.studio\/?post_type=product&#038;p=5987"},"modified":"2023-03-02T00:03:45","modified_gmt":"2023-03-02T00:03:45","slug":"web-hosting","status":"publish","type":"product","link":"https:\/\/midesigns.studio\/fr\/get\/hebergement-web\/","title":{"rendered":"H\u00e9bergement Web"},"content":{"rendered":"<p>Tous les plans incluent des fonctionnalit\u00e9s standard:<br \/>\n- Espace disque SSD<br \/>\n- Comptes de messagerie ILLIMIT\u00c9S<br \/>\n- Assistance 24\/7 prim\u00e9e par e-mail, t\u00e9l\u00e9phone, Facebook et WhatsApp<br \/>\n- Certificats SSL gratuits (via LetsEncrypt)<br \/>\n- cPanel inclus: panneau de contr\u00f4le d&#039;h\u00e9bergement leader de l&#039;industrie<br \/>\n- Installateurs en un clic: Softaculous et Installatron<br \/>\n- Website Builder (autant de pages \/ sites que vous le souhaitez)<br \/>\n- Serveur Web Apache - Sites Web ultra-rapides avec mise en cache int\u00e9gr\u00e9e pour WordPress, Drupal, Joomla et plus encore.<br \/>\n- Protection DDoS 2 Tbps<br \/>\n- Garantie de disponibilit\u00e9 99.99%<\/p>","protected":false},"excerpt":{"rendered":"<p>D\u00e9couvrez une nouvelle norme en mati\u00e8re d&#039;h\u00e9bergement Web lorsque vous choisissez MI Designs. Nos offres sont optimis\u00e9es pour la vitesse, la s\u00e9curit\u00e9 et la fonctionnalit\u00e9, ce qui en fait le choix id\u00e9al pour les entreprises qui cherchent \u00e0 \u00e9tablir une forte pr\u00e9sence en ligne.<\/p>\n<ul>\n<li><strong>Vitesse<\/strong>: Nos serveurs cloud sont enti\u00e8rement optimis\u00e9s pour des performances \u00e9lev\u00e9es, utilisant le serveur Web Apache et les technologies de mise en cache pour offrir des vitesses exceptionnelles aux sites Web de nos clients.<\/li>\n<li><strong>Soutien<\/strong>: Nous comprenons que le support est un facteur critique en mati\u00e8re d&#039;h\u00e9bergement, c&#039;est pourquoi nous offrons un support prim\u00e9 24h\/24 et 7j\/7 pour vous aider quand vous en avez besoin. Nos sp\u00e9cialistes de l&#039;h\u00e9bergement qualifi\u00e9s sont toujours \u00e0 votre disposition pour vous aider.<\/li>\n<li><strong>La flexibilit\u00e9<\/strong>: Nos solutions d&#039;h\u00e9bergement Web sont livr\u00e9es sans contrat fixe, vous pouvez donc mettre \u00e0 niveau, r\u00e9trograder ou annuler \u00e0 tout moment via votre compte personnel ou votre support.<\/li>\n<li><strong>S\u00e9curit\u00e9<\/strong>: Nous n&#039;\u00e9pargnons aucun co\u00fbt pour assurer la s\u00e9curit\u00e9 des sites Web de nos clients, effectuer des analyses r\u00e9guli\u00e8res de virus et de logiciels malveillants et maintenir nos serveurs corrig\u00e9s et mis \u00e0 jour.<\/li>\n<li><strong>Durabilit\u00e9<\/strong>: Notre centre de donn\u00e9es est aliment\u00e9 par de l&#039;\u00e9nergie renouvelable et propre 100%, ce qui fait de nous l&#039;un des premiers fournisseurs d&#039;h\u00e9bergement v\u00e9ritablement \u00e9cologiques.<\/li>\n<\/ul>\n<p>Donc, si vous recherchez une solution d&#039;h\u00e9bergement Web qui offre rapidit\u00e9, assistance, flexibilit\u00e9, s\u00e9curit\u00e9 et durabilit\u00e9, ne cherchez pas plus loin que MI Designs. Contactez-nous d\u00e8s aujourd&#039;hui pour en savoir plus sur la fa\u00e7on dont nous pouvons vous aider<\/p>","protected":false},"featured_media":6349,"template":"","meta":{"_acf_changed":false},"product_brand":[],"product_cat":[15],"product_tag":[],"class_list":{"0":"post-5987","1":"product","2":"type-product","3":"status-publish","4":"has-post-thumbnail","6":"product_cat-subscriptions","8":"first","9":"instock","10":"sold-individually","11":"shipping-taxable","12":"purchasable","13":"product-type-variable-subscription","14":"has-default-attributes"},"acf":[],"yoast_head":"<!-- This site is optimized with the Yoast SEO Premium plugin v20.1 (Yoast SEO v27.5) - https:\/\/yoast.com\/product\/yoast-seo-premium-wordpress\/ -->\n<title>MI Designs | We Build Brands | Web Hosting<\/title>\n<meta name=\"description\" content=\"Award-winning Costa Blanca, Spain website design agency specialising in branding, SEO and eCommerce website development.\" \/>\n<meta name=\"robots\" content=\"noindex, follow\" \/>\n<meta property=\"og:locale\" content=\"fr_FR\" \/>\n<meta property=\"og:type\" content=\"article\" \/>\n<meta property=\"og:title\" content=\"Web Hosting\" \/>\n<meta property=\"og:description\" content=\"Award-winning Costa Blanca, Spain website design agency specialising in branding, SEO and eCommerce website development.\" \/>\n<meta property=\"og:url\" content=\"https:\/\/midesigns.studio\/fr\/get\/hebergement-web\/\" \/>\n<meta property=\"og:site_name\" content=\"MI Designs\" \/>\n<meta property=\"article:publisher\" content=\"https:\/\/www.facebook.com\/MIDesigns.Studio\/\" \/>\n<meta property=\"article:modified_time\" content=\"2023-03-02T00:03:45+00:00\" \/>\n<meta property=\"og:image\" content=\"https:\/\/midesigns.studio\/wp-content\/uploads\/2020\/07\/Starter-01.jpg\" \/>\n\t<meta property=\"og:image:width\" content=\"2250\" \/>\n\t<meta property=\"og:image:height\" content=\"1584\" \/>\n\t<meta property=\"og:image:type\" content=\"image\/jpeg\" \/>\n<meta name=\"twitter:card\" content=\"summary_large_image\" \/>\n<meta name=\"twitter:site\" content=\"@midesigns_\" \/>\n<!-- \/ Yoast SEO Premium plugin. -->","yoast_head_json":{"title":"MI Designs | Nous construisons des marques | H\u00e9bergement Web","description":"Agence de conception de sites Web prim\u00e9e sur la Costa Blanca, en Espagne, sp\u00e9cialis\u00e9e dans le d\u00e9veloppement de sites Web de marque, de r\u00e9f\u00e9rencement et de commerce \u00e9lectronique.","robots":{"index":"noindex","follow":"follow"},"og_locale":"fr_FR","og_type":"article","og_title":"Web Hosting","og_description":"Award-winning Costa Blanca, Spain website design agency specialising in branding, SEO and eCommerce website development.","og_url":"https:\/\/midesigns.studio\/fr\/get\/hebergement-web\/","og_site_name":"MI Designs","article_publisher":"https:\/\/www.facebook.com\/MIDesigns.Studio\/","article_modified_time":"2023-03-02T00:03:45+00:00","og_image":[{"width":2250,"height":1584,"url":"https:\/\/midesigns.studio\/wp-content\/uploads\/2020\/07\/Starter-01.jpg","type":"image\/jpeg"}],"twitter_card":"summary_large_image","twitter_site":"@midesigns_","schema":{"@context":"https:\/\/schema.org","@graph":[{"@type":"WebPage","@id":"https:\/\/midesigns.studio\/get\/web-hosting\/","url":"https:\/\/midesigns.studio\/get\/web-hosting\/","name":"MI Designs | Nous construisons des marques | H\u00e9bergement Web","isPartOf":{"@id":"https:\/\/midesigns.studio\/#website"},"primaryImageOfPage":{"@id":"https:\/\/midesigns.studio\/get\/web-hosting\/#primaryimage"},"image":{"@id":"https:\/\/midesigns.studio\/get\/web-hosting\/#primaryimage"},"thumbnailUrl":"https:\/\/midesigns.studio\/wp-content\/uploads\/2020\/07\/Starter-01.jpg","datePublished":"2020-07-19T21:20:43+00:00","dateModified":"2023-03-02T00:03:45+00:00","description":"Agence de conception de sites Web prim\u00e9e sur la Costa Blanca, en Espagne, sp\u00e9cialis\u00e9e dans le d\u00e9veloppement de sites Web de marque, de r\u00e9f\u00e9rencement et de commerce \u00e9lectronique.","breadcrumb":{"@id":"https:\/\/midesigns.studio\/get\/web-hosting\/#breadcrumb"},"inLanguage":"fr-FR","potentialAction":[{"@type":"ReadAction","target":["https:\/\/midesigns.studio\/get\/web-hosting\/"]}]},{"@type":"ImageObject","inLanguage":"fr-FR","@id":"https:\/\/midesigns.studio\/get\/web-hosting\/#primaryimage","url":"https:\/\/midesigns.studio\/wp-content\/uploads\/2020\/07\/Starter-01.jpg","contentUrl":"https:\/\/midesigns.studio\/wp-content\/uploads\/2020\/07\/Starter-01.jpg","width":2250,"height":1584},{"@type":"BreadcrumbList","@id":"https:\/\/midesigns.studio\/get\/web-hosting\/#breadcrumb","itemListElement":[{"@type":"ListItem","position":1,"name":"Home","item":"https:\/\/midesigns.studio\/"},{"@type":"ListItem","position":2,"name":"Shop","item":"https:\/\/midesigns.studio\/shop\/"},{"@type":"ListItem","position":3,"name":"Web Hosting"}]},{"@type":"WebSite","@id":"https:\/\/midesigns.studio\/#website","url":"https:\/\/midesigns.studio\/","name":"MI Designs","description":"\u00c9lever les marques gr\u00e2ce \u00e0 un design percutant et \u00e0 une strat\u00e9gie num\u00e9rique sur la Costa Blanca, en Espagne","publisher":{"@id":"https:\/\/midesigns.studio\/#organization"},"potentialAction":[{"@type":"SearchAction","target":{"@type":"EntryPoint","urlTemplate":"https:\/\/midesigns.studio\/?s={search_term_string}"},"query-input":{"@type":"PropertyValueSpecification","valueRequired":true,"valueName":"search_term_string"}}],"inLanguage":"fr-FR"},{"@type":"Organization","@id":"https:\/\/midesigns.studio\/#organization","name":"MI Designs","url":"https:\/\/midesigns.studio\/","logo":{"@type":"ImageObject","inLanguage":"fr-FR","@id":"https:\/\/midesigns.studio\/#\/schema\/logo\/image\/","url":"https:\/\/midesigns.studio\/wp-content\/uploads\/2020\/07\/MILogo.jpg","contentUrl":"https:\/\/midesigns.studio\/wp-content\/uploads\/2020\/07\/MILogo.jpg","width":200,"height":200,"caption":"MI Designs"},"image":{"@id":"https:\/\/midesigns.studio\/#\/schema\/logo\/image\/"},"sameAs":["https:\/\/www.facebook.com\/MIDesigns.Studio\/","https:\/\/x.com\/midesigns_","https:\/\/www.instagram.com\/midesigns.studio\/","https:\/\/www.linkedin.com\/company\/midesigns\/","http:\/\/www.pinterest.com\/midesigns_studio\/"]}]}},"_links":{"self":[{"href":"https:\/\/midesigns.studio\/fr\/wp-json\/wp\/v2\/product\/5987","targetHints":{"allow":["GET"]}}],"collection":[{"href":"https:\/\/midesigns.studio\/fr\/wp-json\/wp\/v2\/product"}],"about":[{"href":"https:\/\/midesigns.studio\/fr\/wp-json\/wp\/v2\/types\/product"}],"wp:featuredmedia":[{"embeddable":true,"href":"https:\/\/midesigns.studio\/fr\/wp-json\/wp\/v2\/media\/6349"}],"wp:attachment":[{"href":"https:\/\/midesigns.studio\/fr\/wp-json\/wp\/v2\/media?parent=5987"}],"wp:term":[{"taxonomy":"product_brand","embeddable":true,"href":"https:\/\/midesigns.studio\/fr\/wp-json\/wp\/v2\/product_brand?post=5987"},{"taxonomy":"product_cat","embeddable":true,"href":"https:\/\/midesigns.studio\/fr\/wp-json\/wp\/v2\/product_cat?post=5987"},{"taxonomy":"product_tag","embeddable":true,"href":"https:\/\/midesigns.studio\/fr\/wp-json\/wp\/v2\/product_tag?post=5987"}],"curies":[{"name":"wp","href":"https:\/\/api.w.org\/{rel}","templated":true}]}}