{"id":5987,"date":"2020-07-19T21:20:43","date_gmt":"2020-07-19T21:20:43","guid":{"rendered":"https:\/\/midesigns.studio\/?post_type=product&#038;p=5987"},"modified":"2023-03-02T00:03:45","modified_gmt":"2023-03-02T00:03:45","slug":"web-hosting","status":"publish","type":"product","link":"https:\/\/midesigns.studio\/es\/get\/alojamiento-web\/","title":{"rendered":"Alojamiento web"},"content":{"rendered":"<p>Todos los planes incluyen funciones est\u00e1ndar:<br \/>\n- Espacio en disco SSD<br \/>\n- Cuentas de correo electr\u00f3nico ILIMITADAS<br \/>\n- Soporte 24\/7 galardonado por correo electr\u00f3nico, tel\u00e9fono, Facebook y WhatsApp<br \/>\n- Certificados SSL gratuitos (a trav\u00e9s de LetsEncrypt)<br \/>\n- cPanel incluido: panel de control de hosting l\u00edder en la industria<br \/>\n- Instaladores con un clic: Softaculous e Installatron<br \/>\n- Creador de sitios web (tantas p\u00e1ginas \/ sitios como desee)<br \/>\n- Servidor web Apache: sitios web ultrarr\u00e1pidos con almacenamiento en cach\u00e9 integrado para WordPress, Drupal, Joomla y m\u00e1s.<br \/>\n- Protecci\u00f3n DDoS de 2 Tbps<br \/>\n- Garant\u00eda de tiempo de actividad 99.99%<\/p>","protected":false},"excerpt":{"rendered":"<p>Experimente un nuevo est\u00e1ndar en alojamiento web cuando elija MI Designs. Nuestras ofertas est\u00e1n optimizadas para la velocidad, la seguridad y la funcionalidad, lo que las convierte en la opci\u00f3n ideal para las empresas que buscan establecer una fuerte presencia en l\u00ednea.<\/p>\n<ul>\n<li><strong>Velocidad<\/strong>: Nuestros servidores en la nube est\u00e1n completamente optimizados para un alto rendimiento, utilizando el servidor web Apache y las tecnolog\u00edas de almacenamiento en cach\u00e9 para ofrecer velocidades excepcionales para los sitios web de nuestros clientes.<\/li>\n<li><strong>Apoyo<\/strong>: Entendemos que el soporte es un factor cr\u00edtico cuando se trata de alojamiento, por lo que ofrecemos un soporte galardonado las 24 horas del d\u00eda, los 7 d\u00edas de la semana para ayudarlo cuando lo necesite. Nuestros expertos especialistas en hospedaje est\u00e1n siempre disponibles para ayudarlo.<\/li>\n<li><strong>Flexibilidad<\/strong>: Nuestras soluciones de alojamiento web vienen sin contratos fijos, por lo que puede actualizar, degradar o cancelar en cualquier momento a trav\u00e9s de su cuenta personal o soporte.<\/li>\n<li><strong>Seguridad<\/strong>: No escatimamos en costos para garantizar la seguridad de los sitios web de nuestros clientes, ejecutando escaneos regulares de virus y malware y manteniendo nuestros servidores parchados y actualizados.<\/li>\n<li><strong>Sostenibilidad<\/strong>: Nuestro centro de datos funciona con energ\u00eda limpia y renovable 100%, lo que nos convierte en uno de los primeros proveedores de alojamiento verdaderamente ecol\u00f3gicos.<\/li>\n<\/ul>\n<p>Entonces, si est\u00e1 buscando una soluci\u00f3n de hospedaje web que ofrezca velocidad, soporte, flexibilidad, seguridad y sustentabilidad, no busque m\u00e1s all\u00e1 de MI Designs. P\u00f3ngase en contacto con nosotros hoy para obtener m\u00e1s informaci\u00f3n sobre c\u00f3mo podemos ayudarlo.<\/p>","protected":false},"featured_media":6349,"template":"","meta":{"_acf_changed":false},"product_brand":[],"product_cat":[15],"product_tag":[],"class_list":{"0":"post-5987","1":"product","2":"type-product","3":"status-publish","4":"has-post-thumbnail","6":"product_cat-subscriptions","8":"first","9":"instock","10":"sold-individually","11":"shipping-taxable","12":"purchasable","13":"product-type-variable-subscription","14":"has-default-attributes"},"acf":[],"yoast_head":"<!-- This site is optimized with the Yoast SEO Premium plugin v20.1 (Yoast SEO v27.5) - https:\/\/yoast.com\/product\/yoast-seo-premium-wordpress\/ -->\n<title>MI Designs | We Build Brands | Web Hosting<\/title>\n<meta name=\"description\" content=\"Award-winning Costa Blanca, Spain website design agency specialising in branding, SEO and eCommerce website development.\" \/>\n<meta name=\"robots\" content=\"noindex, follow\" \/>\n<meta property=\"og:locale\" content=\"es_ES\" \/>\n<meta property=\"og:type\" content=\"article\" \/>\n<meta property=\"og:title\" content=\"Web Hosting\" \/>\n<meta property=\"og:description\" content=\"Award-winning Costa Blanca, Spain website design agency specialising in branding, SEO and eCommerce website development.\" \/>\n<meta property=\"og:url\" content=\"https:\/\/midesigns.studio\/es\/get\/alojamiento-web\/\" \/>\n<meta property=\"og:site_name\" content=\"MI Designs\" \/>\n<meta property=\"article:publisher\" content=\"https:\/\/www.facebook.com\/MIDesigns.Studio\/\" \/>\n<meta property=\"article:modified_time\" content=\"2023-03-02T00:03:45+00:00\" \/>\n<meta property=\"og:image\" content=\"https:\/\/midesigns.studio\/wp-content\/uploads\/2020\/07\/Starter-01.jpg\" \/>\n\t<meta property=\"og:image:width\" content=\"2250\" \/>\n\t<meta property=\"og:image:height\" content=\"1584\" \/>\n\t<meta property=\"og:image:type\" content=\"image\/jpeg\" \/>\n<meta name=\"twitter:card\" content=\"summary_large_image\" \/>\n<meta name=\"twitter:site\" content=\"@midesigns_\" \/>\n<!-- \/ Yoast SEO Premium plugin. -->","yoast_head_json":{"title":"MI Designs | Construimos Marcas | Alojamiento web","description":"Galardonada agencia de dise\u00f1o de sitios web en la Costa Blanca, Espa\u00f1a, especializada en desarrollo de sitios web de marca, SEO y comercio electr\u00f3nico.","robots":{"index":"noindex","follow":"follow"},"og_locale":"es_ES","og_type":"article","og_title":"Web Hosting","og_description":"Award-winning Costa Blanca, Spain website design agency specialising in branding, SEO and eCommerce website development.","og_url":"https:\/\/midesigns.studio\/es\/get\/alojamiento-web\/","og_site_name":"MI Designs","article_publisher":"https:\/\/www.facebook.com\/MIDesigns.Studio\/","article_modified_time":"2023-03-02T00:03:45+00:00","og_image":[{"width":2250,"height":1584,"url":"https:\/\/midesigns.studio\/wp-content\/uploads\/2020\/07\/Starter-01.jpg","type":"image\/jpeg"}],"twitter_card":"summary_large_image","twitter_site":"@midesigns_","schema":{"@context":"https:\/\/schema.org","@graph":[{"@type":"WebPage","@id":"https:\/\/midesigns.studio\/get\/web-hosting\/","url":"https:\/\/midesigns.studio\/get\/web-hosting\/","name":"MI Designs | Construimos Marcas | Alojamiento web","isPartOf":{"@id":"https:\/\/midesigns.studio\/#website"},"primaryImageOfPage":{"@id":"https:\/\/midesigns.studio\/get\/web-hosting\/#primaryimage"},"image":{"@id":"https:\/\/midesigns.studio\/get\/web-hosting\/#primaryimage"},"thumbnailUrl":"https:\/\/midesigns.studio\/wp-content\/uploads\/2020\/07\/Starter-01.jpg","datePublished":"2020-07-19T21:20:43+00:00","dateModified":"2023-03-02T00:03:45+00:00","description":"Galardonada agencia de dise\u00f1o de sitios web en la Costa Blanca, Espa\u00f1a, especializada en desarrollo de sitios web de marca, SEO y comercio electr\u00f3nico.","breadcrumb":{"@id":"https:\/\/midesigns.studio\/get\/web-hosting\/#breadcrumb"},"inLanguage":"es","potentialAction":[{"@type":"ReadAction","target":["https:\/\/midesigns.studio\/get\/web-hosting\/"]}]},{"@type":"ImageObject","inLanguage":"es","@id":"https:\/\/midesigns.studio\/get\/web-hosting\/#primaryimage","url":"https:\/\/midesigns.studio\/wp-content\/uploads\/2020\/07\/Starter-01.jpg","contentUrl":"https:\/\/midesigns.studio\/wp-content\/uploads\/2020\/07\/Starter-01.jpg","width":2250,"height":1584},{"@type":"BreadcrumbList","@id":"https:\/\/midesigns.studio\/get\/web-hosting\/#breadcrumb","itemListElement":[{"@type":"ListItem","position":1,"name":"Home","item":"https:\/\/midesigns.studio\/"},{"@type":"ListItem","position":2,"name":"Shop","item":"https:\/\/midesigns.studio\/shop\/"},{"@type":"ListItem","position":3,"name":"Web Hosting"}]},{"@type":"WebSite","@id":"https:\/\/midesigns.studio\/#website","url":"https:\/\/midesigns.studio\/","name":"Dise\u00f1os MI","description":"Elevando marcas a trav\u00e9s de un dise\u00f1o impactante y una estrategia digital en la Costa Blanca, Espa\u00f1a","publisher":{"@id":"https:\/\/midesigns.studio\/#organization"},"potentialAction":[{"@type":"SearchAction","target":{"@type":"EntryPoint","urlTemplate":"https:\/\/midesigns.studio\/?s={search_term_string}"},"query-input":{"@type":"PropertyValueSpecification","valueRequired":true,"valueName":"search_term_string"}}],"inLanguage":"es"},{"@type":"Organization","@id":"https:\/\/midesigns.studio\/#organization","name":"Dise\u00f1os MI","url":"https:\/\/midesigns.studio\/","logo":{"@type":"ImageObject","inLanguage":"es","@id":"https:\/\/midesigns.studio\/#\/schema\/logo\/image\/","url":"https:\/\/midesigns.studio\/wp-content\/uploads\/2020\/07\/MILogo.jpg","contentUrl":"https:\/\/midesigns.studio\/wp-content\/uploads\/2020\/07\/MILogo.jpg","width":200,"height":200,"caption":"MI Designs"},"image":{"@id":"https:\/\/midesigns.studio\/#\/schema\/logo\/image\/"},"sameAs":["https:\/\/www.facebook.com\/MIDesigns.Studio\/","https:\/\/x.com\/midesigns_","https:\/\/www.instagram.com\/midesigns.studio\/","https:\/\/www.linkedin.com\/company\/midesigns\/","http:\/\/www.pinterest.com\/midesigns_studio\/"]}]}},"_links":{"self":[{"href":"https:\/\/midesigns.studio\/es\/wp-json\/wp\/v2\/product\/5987","targetHints":{"allow":["GET"]}}],"collection":[{"href":"https:\/\/midesigns.studio\/es\/wp-json\/wp\/v2\/product"}],"about":[{"href":"https:\/\/midesigns.studio\/es\/wp-json\/wp\/v2\/types\/product"}],"wp:featuredmedia":[{"embeddable":true,"href":"https:\/\/midesigns.studio\/es\/wp-json\/wp\/v2\/media\/6349"}],"wp:attachment":[{"href":"https:\/\/midesigns.studio\/es\/wp-json\/wp\/v2\/media?parent=5987"}],"wp:term":[{"taxonomy":"product_brand","embeddable":true,"href":"https:\/\/midesigns.studio\/es\/wp-json\/wp\/v2\/product_brand?post=5987"},{"taxonomy":"product_cat","embeddable":true,"href":"https:\/\/midesigns.studio\/es\/wp-json\/wp\/v2\/product_cat?post=5987"},{"taxonomy":"product_tag","embeddable":true,"href":"https:\/\/midesigns.studio\/es\/wp-json\/wp\/v2\/product_tag?post=5987"}],"curies":[{"name":"gracias","href":"https:\/\/api.w.org\/{rel}","templated":true}]}}