{"id":5987,"date":"2020-07-19T21:20:43","date_gmt":"2020-07-19T21:20:43","guid":{"rendered":"https:\/\/midesigns.studio\/?post_type=product&#038;p=5987"},"modified":"2023-03-02T00:03:45","modified_gmt":"2023-03-02T00:03:45","slug":"web-hosting","status":"publish","type":"product","link":"https:\/\/midesigns.studio\/de\/get\/web-hosting\/","title":{"rendered":"Web-Hosting"},"content":{"rendered":"<p>Alle Pl\u00e4ne beinhalten Standardfunktionen:<br \/>\n\u2013 SSD-Speicherplatz<br \/>\n\u2013 UNBEGRENZTE E-Mail-Konten<br \/>\n\u2013 Preisgekr\u00f6nter 24\/7-Support per E-Mail, Telefon, Facebook und WhatsApp<br \/>\n\u2013 Kostenlose SSL-Zertifikate (\u00fcber LetsEncrypt)<br \/>\n\u2013 cPanel enthalten: Branchenf\u00fchrendes Hosting-Kontrollpanel<br \/>\n\u2013 One-Click-Installer: Softaculous und Installatron<br \/>\n\u2013 Website Builder (so viele Seiten\/Sites wie Sie m\u00f6chten)<br \/>\n\u2013 Apache Web Server \u2013 Blitzschnelle Websites mit integriertem Caching f\u00fcr WordPress, Drupal, Joomla und mehr.<br \/>\n\u2013 2 Tbit\/s DDoS-Schutz<br \/>\n\u2013 99,99%-Verf\u00fcgbarkeitsgarantie<\/p>","protected":false},"excerpt":{"rendered":"<p>Erleben Sie einen neuen Standard im Webhosting, wenn Sie sich f\u00fcr MI Designs entscheiden. Unsere Angebote sind hinsichtlich Geschwindigkeit, Sicherheit und Funktionalit\u00e4t optimiert und somit die ideale Wahl f\u00fcr Unternehmen, die eine starke Online-Pr\u00e4senz aufbauen m\u00f6chten.<\/p>\n<ul>\n<li><strong>Geschwindigkeit<\/strong>: Unsere Cloud-Server sind vollst\u00e4ndig f\u00fcr hohe Leistung optimiert und nutzen Apache-Webserver- und Caching-Technologien, um au\u00dfergew\u00f6hnliche Geschwindigkeiten f\u00fcr die Websites unserer Kunden zu liefern.<\/li>\n<li><strong>Unterst\u00fctzung<\/strong>: Wir wissen, dass Support ein entscheidender Faktor beim Hosting ist. Deshalb bieten wir preisgekr\u00f6nten Support rund um die Uhr, der Ihnen hilft, wenn Sie ihn brauchen. Unsere kompetenten Hosting-Spezialisten stehen Ihnen jederzeit zur Seite.<\/li>\n<li><strong>Flexibilit\u00e4t<\/strong>: F\u00fcr unsere Webhosting-L\u00f6sungen gibt es keine festen Vertr\u00e4ge, sodass Sie jederzeit \u00fcber Ihr pers\u00f6nliches Konto oder Ihren Support upgraden, downgraden oder k\u00fcndigen k\u00f6nnen.<\/li>\n<li><strong>Sicherheit<\/strong>: Wir scheuen keine Kosten, um die Sicherheit der Websites unserer Kunden zu gew\u00e4hrleisten, regelm\u00e4\u00dfige Viren- und Malware-Scans durchzuf\u00fchren und unsere Server mit Patches und Updates zu versorgen.<\/li>\n<li><strong>Nachhaltigkeit<\/strong>: Unser Rechenzentrum wird mit 100% erneuerbarer, sauberer Energie betrieben, was uns zu einem der ersten wirklich umweltfreundlichen Hosting-Anbieter macht.<\/li>\n<\/ul>\n<p>Wenn Sie also nach einer Webhosting-L\u00f6sung suchen, die Geschwindigkeit, Support, Flexibilit\u00e4t, Sicherheit und Nachhaltigkeit bietet, sind Sie bei MI Designs genau richtig. Nehmen Sie noch heute Kontakt mit uns auf, um mehr dar\u00fcber zu erfahren, wie wir Ihnen helfen k\u00f6nnen<\/p>","protected":false},"featured_media":6349,"template":"","meta":{"_acf_changed":false},"product_brand":[],"product_cat":[15],"product_tag":[],"class_list":{"0":"post-5987","1":"product","2":"type-product","3":"status-publish","4":"has-post-thumbnail","6":"product_cat-subscriptions","8":"first","9":"instock","10":"sold-individually","11":"shipping-taxable","12":"purchasable","13":"product-type-variable-subscription","14":"has-default-attributes"},"acf":[],"yoast_head":"<!-- This site is optimized with the Yoast SEO Premium plugin v20.1 (Yoast SEO v27.5) - https:\/\/yoast.com\/product\/yoast-seo-premium-wordpress\/ -->\n<title>MI Designs | We Build Brands | Web Hosting<\/title>\n<meta name=\"description\" content=\"Award-winning Costa Blanca, Spain website design agency specialising in branding, SEO and eCommerce website development.\" \/>\n<meta name=\"robots\" content=\"noindex, follow\" \/>\n<meta property=\"og:locale\" content=\"de_DE\" \/>\n<meta property=\"og:type\" content=\"article\" \/>\n<meta property=\"og:title\" content=\"Web Hosting\" \/>\n<meta property=\"og:description\" content=\"Award-winning Costa Blanca, Spain website design agency specialising in branding, SEO and eCommerce website development.\" \/>\n<meta property=\"og:url\" content=\"https:\/\/midesigns.studio\/de\/get\/web-hosting\/\" \/>\n<meta property=\"og:site_name\" content=\"MI Designs\" \/>\n<meta property=\"article:publisher\" content=\"https:\/\/www.facebook.com\/MIDesigns.Studio\/\" \/>\n<meta property=\"article:modified_time\" content=\"2023-03-02T00:03:45+00:00\" \/>\n<meta property=\"og:image\" content=\"https:\/\/midesigns.studio\/wp-content\/uploads\/2020\/07\/Starter-01.jpg\" \/>\n\t<meta property=\"og:image:width\" content=\"2250\" \/>\n\t<meta property=\"og:image:height\" content=\"1584\" \/>\n\t<meta property=\"og:image:type\" content=\"image\/jpeg\" \/>\n<meta name=\"twitter:card\" content=\"summary_large_image\" \/>\n<meta name=\"twitter:site\" content=\"@midesigns_\" \/>\n<!-- \/ Yoast SEO Premium plugin. -->","yoast_head_json":{"title":"MI-Designs | Wir bauen Marken | Web-Hosting","description":"Preisgekr\u00f6nte Website-Design-Agentur in Costa Blanca, Spanien, spezialisiert auf Branding, SEO und E-Commerce-Website-Entwicklung.","robots":{"index":"noindex","follow":"follow"},"og_locale":"de_DE","og_type":"article","og_title":"Web Hosting","og_description":"Award-winning Costa Blanca, Spain website design agency specialising in branding, SEO and eCommerce website development.","og_url":"https:\/\/midesigns.studio\/de\/get\/web-hosting\/","og_site_name":"MI Designs","article_publisher":"https:\/\/www.facebook.com\/MIDesigns.Studio\/","article_modified_time":"2023-03-02T00:03:45+00:00","og_image":[{"width":2250,"height":1584,"url":"https:\/\/midesigns.studio\/wp-content\/uploads\/2020\/07\/Starter-01.jpg","type":"image\/jpeg"}],"twitter_card":"summary_large_image","twitter_site":"@midesigns_","schema":{"@context":"https:\/\/schema.org","@graph":[{"@type":"WebPage","@id":"https:\/\/midesigns.studio\/get\/web-hosting\/","url":"https:\/\/midesigns.studio\/get\/web-hosting\/","name":"MI-Designs | Wir bauen Marken | Web-Hosting","isPartOf":{"@id":"https:\/\/midesigns.studio\/#website"},"primaryImageOfPage":{"@id":"https:\/\/midesigns.studio\/get\/web-hosting\/#primaryimage"},"image":{"@id":"https:\/\/midesigns.studio\/get\/web-hosting\/#primaryimage"},"thumbnailUrl":"https:\/\/midesigns.studio\/wp-content\/uploads\/2020\/07\/Starter-01.jpg","datePublished":"2020-07-19T21:20:43+00:00","dateModified":"2023-03-02T00:03:45+00:00","description":"Preisgekr\u00f6nte Website-Design-Agentur in Costa Blanca, Spanien, spezialisiert auf Branding, SEO und E-Commerce-Website-Entwicklung.","breadcrumb":{"@id":"https:\/\/midesigns.studio\/get\/web-hosting\/#breadcrumb"},"inLanguage":"de","potentialAction":[{"@type":"ReadAction","target":["https:\/\/midesigns.studio\/get\/web-hosting\/"]}]},{"@type":"ImageObject","inLanguage":"de","@id":"https:\/\/midesigns.studio\/get\/web-hosting\/#primaryimage","url":"https:\/\/midesigns.studio\/wp-content\/uploads\/2020\/07\/Starter-01.jpg","contentUrl":"https:\/\/midesigns.studio\/wp-content\/uploads\/2020\/07\/Starter-01.jpg","width":2250,"height":1584},{"@type":"BreadcrumbList","@id":"https:\/\/midesigns.studio\/get\/web-hosting\/#breadcrumb","itemListElement":[{"@type":"ListItem","position":1,"name":"Home","item":"https:\/\/midesigns.studio\/"},{"@type":"ListItem","position":2,"name":"Shop","item":"https:\/\/midesigns.studio\/shop\/"},{"@type":"ListItem","position":3,"name":"Web Hosting"}]},{"@type":"WebSite","@id":"https:\/\/midesigns.studio\/#website","url":"https:\/\/midesigns.studio\/","name":"MI Designs","description":"Marken durch wirkungsvolles Design und digitale Strategie an der Costa Blanca, Spanien, st\u00e4rken","publisher":{"@id":"https:\/\/midesigns.studio\/#organization"},"potentialAction":[{"@type":"SearchAction","target":{"@type":"EntryPoint","urlTemplate":"https:\/\/midesigns.studio\/?s={search_term_string}"},"query-input":{"@type":"PropertyValueSpecification","valueRequired":true,"valueName":"search_term_string"}}],"inLanguage":"de"},{"@type":"Organization","@id":"https:\/\/midesigns.studio\/#organization","name":"MI Designs","url":"https:\/\/midesigns.studio\/","logo":{"@type":"ImageObject","inLanguage":"de","@id":"https:\/\/midesigns.studio\/#\/schema\/logo\/image\/","url":"https:\/\/midesigns.studio\/wp-content\/uploads\/2020\/07\/MILogo.jpg","contentUrl":"https:\/\/midesigns.studio\/wp-content\/uploads\/2020\/07\/MILogo.jpg","width":200,"height":200,"caption":"MI Designs"},"image":{"@id":"https:\/\/midesigns.studio\/#\/schema\/logo\/image\/"},"sameAs":["https:\/\/www.facebook.com\/MIDesigns.Studio\/","https:\/\/x.com\/midesigns_","https:\/\/www.instagram.com\/midesigns.studio\/","https:\/\/www.linkedin.com\/company\/midesigns\/","http:\/\/www.pinterest.com\/midesigns_studio\/"]}]}},"_links":{"self":[{"href":"https:\/\/midesigns.studio\/de\/wp-json\/wp\/v2\/product\/5987","targetHints":{"allow":["GET"]}}],"collection":[{"href":"https:\/\/midesigns.studio\/de\/wp-json\/wp\/v2\/product"}],"about":[{"href":"https:\/\/midesigns.studio\/de\/wp-json\/wp\/v2\/types\/product"}],"wp:featuredmedia":[{"embeddable":true,"href":"https:\/\/midesigns.studio\/de\/wp-json\/wp\/v2\/media\/6349"}],"wp:attachment":[{"href":"https:\/\/midesigns.studio\/de\/wp-json\/wp\/v2\/media?parent=5987"}],"wp:term":[{"taxonomy":"product_brand","embeddable":true,"href":"https:\/\/midesigns.studio\/de\/wp-json\/wp\/v2\/product_brand?post=5987"},{"taxonomy":"product_cat","embeddable":true,"href":"https:\/\/midesigns.studio\/de\/wp-json\/wp\/v2\/product_cat?post=5987"},{"taxonomy":"product_tag","embeddable":true,"href":"https:\/\/midesigns.studio\/de\/wp-json\/wp\/v2\/product_tag?post=5987"}],"curies":[{"name":"wp","href":"https:\/\/api.w.org\/{rel}","templated":true}]}}